{"id":535,"date":"2023-06-20T17:05:43","date_gmt":"2023-06-20T20:05:43","guid":{"rendered":"https:\/\/sublibox.com.br\/login\/minha-conta\/"},"modified":"2025-09-18T15:12:03","modified_gmt":"2025-09-18T18:12:03","slug":"minha-conta","status":"publish","type":"page","link":"https:\/\/sublibox.com.br\/login\/minha-conta\/","title":{"rendered":"Minha conta"},"content":{"rendered":"\t\t<div data-elementor-type=\"wp-page\" data-elementor-id=\"535\" class=\"elementor elementor-535\" data-elementor-post-type=\"page\">\n\t\t\t\t<div class=\"elementor-element elementor-element-310a05df e-flex e-con-boxed e-con e-parent\" data-id=\"310a05df\" data-element_type=\"container\">\n\t\t\t\t\t<div class=\"e-con-inner\">\n\t\t<div class=\"elementor-element elementor-element-25b64384 e-flex e-con-boxed e-con e-child\" data-id=\"25b64384\" data-element_type=\"container\">\n\t\t\t\t\t<div class=\"e-con-inner\">\n\t\t\t\t<div class=\"elementor-element elementor-element-416f2c73 jltma-glass-effect-no elementor-widget elementor-widget-heading\" data-id=\"416f2c73\" data-element_type=\"widget\" data-widget_type=\"heading.default\">\n\t\t\t\t<div class=\"elementor-widget-container\">\n\t\t\t<h2 class=\"elementor-heading-title elementor-size-default\">Minha Conta<\/h2>\t\t<\/div>\n\t\t\t\t<\/div>\n\t\t\t\t\t<\/div>\n\t\t\t\t<\/div>\n\t\t<div class=\"elementor-element elementor-element-70f79fa6 e-flex e-con-boxed e-con e-child\" data-id=\"70f79fa6\" data-element_type=\"container\">\n\t\t\t\t\t<div class=\"e-con-inner\">\n\t\t<div class=\"elementor-element elementor-element-462deae0 e-con-full e-flex e-con e-child\" data-id=\"462deae0\" data-element_type=\"container\">\n\t\t<a class=\"elementor-element elementor-element-457e2f3 e-con-full e-flex e-con e-child\" data-id=\"457e2f3\" data-element_type=\"container\" data-settings=\"{&quot;background_background&quot;:&quot;classic&quot;}\" href=\"https:\/\/sublibox.com.br\/login\/vitrine\/\">\n\t\t\t\t<div class=\"elementor-element elementor-element-67eb53f8 elementor-view-default elementor-position-top elementor-mobile-position-top jltma-glass-effect-no elementor-widget elementor-widget-icon-box\" data-id=\"67eb53f8\" data-element_type=\"widget\" data-widget_type=\"icon-box.default\">\n\t\t\t\t<div class=\"elementor-widget-container\">\n\t\t\t\t\t<div class=\"elementor-icon-box-wrapper\">\n\n\t\t\t\t\t\t<div class=\"elementor-icon-box-icon\">\n\t\t\t\t<span  class=\"elementor-icon elementor-animation-\">\n\t\t\t\t<i aria-hidden=\"true\" class=\"fas fa-home\"><\/i>\t\t\t\t<\/span>\n\t\t\t<\/div>\n\t\t\t\n\t\t\t\t\t\t<div class=\"elementor-icon-box-content\">\n\n\t\t\t\t\t\t\t\t\t<h3 class=\"elementor-icon-box-title\">\n\t\t\t\t\t\t<span  >\n\t\t\t\t\t\t\tVitrine\t\t\t\t\t\t<\/span>\n\t\t\t\t\t<\/h3>\n\t\t\t\t\n\t\t\t\t\n\t\t\t<\/div>\n\t\t\t\n\t\t<\/div>\n\t\t\t\t<\/div>\n\t\t\t\t<\/div>\n\t\t\t\t<\/a>\n\t\t<a class=\"elementor-element elementor-element-1c4b1401 e-con-full e-flex e-con e-child\" data-id=\"1c4b1401\" data-element_type=\"container\" data-settings=\"{&quot;background_background&quot;:&quot;classic&quot;}\" href=\"https:\/\/sublibox.com.br\/login\/minha-conta\/edit-account\/#editarconta\">\n\t\t\t\t<div class=\"elementor-element elementor-element-53939478 elementor-view-default elementor-position-top elementor-mobile-position-top jltma-glass-effect-no elementor-widget elementor-widget-icon-box\" data-id=\"53939478\" data-element_type=\"widget\" data-widget_type=\"icon-box.default\">\n\t\t\t\t<div class=\"elementor-widget-container\">\n\t\t\t\t\t<div class=\"elementor-icon-box-wrapper\">\n\n\t\t\t\t\t\t<div class=\"elementor-icon-box-icon\">\n\t\t\t\t<span  class=\"elementor-icon elementor-animation-\">\n\t\t\t\t<i aria-hidden=\"true\" class=\"fas fa-user-circle\"><\/i>\t\t\t\t<\/span>\n\t\t\t<\/div>\n\t\t\t\n\t\t\t\t\t\t<div class=\"elementor-icon-box-content\">\n\n\t\t\t\t\t\t\t\t\t<h3 class=\"elementor-icon-box-title\">\n\t\t\t\t\t\t<span  >\n\t\t\t\t\t\t\tConfigura\u00e7\u00f5es da conta\t\t\t\t\t\t<\/span>\n\t\t\t\t\t<\/h3>\n\t\t\t\t\n\t\t\t\t\n\t\t\t<\/div>\n\t\t\t\n\t\t<\/div>\n\t\t\t\t<\/div>\n\t\t\t\t<\/div>\n\t\t\t\t<\/a>\n\t\t<a class=\"elementor-element elementor-element-5f0ff220 e-con-full e-flex e-con e-child\" data-id=\"5f0ff220\" data-element_type=\"container\" data-settings=\"{&quot;background_background&quot;:&quot;classic&quot;}\" href=\"https:\/\/sublibox.com.br\/login\/minha-conta\/foto-perfil\/\">\n\t\t\t\t<div class=\"elementor-element elementor-element-742b93a3 elementor-view-default elementor-position-top elementor-mobile-position-top jltma-glass-effect-no elementor-widget elementor-widget-icon-box\" data-id=\"742b93a3\" data-element_type=\"widget\" data-widget_type=\"icon-box.default\">\n\t\t\t\t<div class=\"elementor-widget-container\">\n\t\t\t\t\t<div class=\"elementor-icon-box-wrapper\">\n\n\t\t\t\t\t\t<div class=\"elementor-icon-box-icon\">\n\t\t\t\t<span  class=\"elementor-icon elementor-animation-\">\n\t\t\t\t<i aria-hidden=\"true\" class=\"fas fa-upload\"><\/i>\t\t\t\t<\/span>\n\t\t\t<\/div>\n\t\t\t\n\t\t\t\t\t\t<div class=\"elementor-icon-box-content\">\n\n\t\t\t\t\t\t\t\t\t<h3 class=\"elementor-icon-box-title\">\n\t\t\t\t\t\t<span  >\n\t\t\t\t\t\t\tFoto Perfil\t\t\t\t\t\t<\/span>\n\t\t\t\t\t<\/h3>\n\t\t\t\t\n\t\t\t\t\n\t\t\t<\/div>\n\t\t\t\n\t\t<\/div>\n\t\t\t\t<\/div>\n\t\t\t\t<\/div>\n\t\t\t\t<\/a>\n\t\t<a class=\"elementor-element elementor-element-3081c0e e-con-full e-flex e-con e-child\" data-id=\"3081c0e\" data-element_type=\"container\" data-settings=\"{&quot;background_background&quot;:&quot;classic&quot;}\" href=\"https:\/\/sublibox.com.br\/login\/login?fazer-logout=true\">\n\t\t\t\t<div class=\"elementor-element elementor-element-70554435 elementor-view-default elementor-position-top elementor-mobile-position-top jltma-glass-effect-no elementor-widget elementor-widget-icon-box\" data-id=\"70554435\" data-element_type=\"widget\" data-widget_type=\"icon-box.default\">\n\t\t\t\t<div class=\"elementor-widget-container\">\n\t\t\t\t\t<div class=\"elementor-icon-box-wrapper\">\n\n\t\t\t\t\t\t<div class=\"elementor-icon-box-icon\">\n\t\t\t\t<span  class=\"elementor-icon elementor-animation-\">\n\t\t\t\t<i aria-hidden=\"true\" class=\"fas fa-power-off\"><\/i>\t\t\t\t<\/span>\n\t\t\t<\/div>\n\t\t\t\n\t\t\t\t\t\t<div class=\"elementor-icon-box-content\">\n\n\t\t\t\t\t\t\t\t\t<h3 class=\"elementor-icon-box-title\">\n\t\t\t\t\t\t<span  >\n\t\t\t\t\t\t\tSair\t\t\t\t\t\t<\/span>\n\t\t\t\t\t<\/h3>\n\t\t\t\t\n\t\t\t\t\n\t\t\t<\/div>\n\t\t\t\n\t\t<\/div>\n\t\t\t\t<\/div>\n\t\t\t\t<\/div>\n\t\t\t\t<\/a>\n\t\t\t\t<\/div>\n\t\t\t\t\t<\/div>\n\t\t\t\t<\/div>\n\t\t\t\t\t<\/div>\n\t\t\t\t<\/div>\n\t\t<div class=\"elementor-element elementor-element-619515d2 e-flex e-con-boxed e-con e-parent\" data-id=\"619515d2\" data-element_type=\"container\">\n\t\t\t\t\t<div class=\"e-con-inner\">\n\t\t\t\t<div class=\"elementor-element elementor-element-75174427 e-my-account-tabs-horizontal elementor-widget__width-initial jltma-glass-effect-no elementor-widget elementor-widget-woocommerce-my-account\" data-id=\"75174427\" data-element_type=\"widget\" data-widget_type=\"woocommerce-my-account.default\">\n\t\t\t\t<div class=\"elementor-widget-container\">\n\t\t\t<div class=\"e-my-account-tab e-my-account-tab__ \">\t\t\t<div class=\"woocommerce\"><\/div>\t\t<\/div>\n\t\t\t\t<\/div>\n\t\t\t\t<\/div>\n\t\t\t\t\t<\/div>\n\t\t\t\t<\/div>\n\t\t<div class=\"elementor-element elementor-element-0f2ea60 e-flex e-con-boxed e-con e-parent\" data-id=\"0f2ea60\" data-element_type=\"container\">\n\t\t\t\t\t<div class=\"e-con-inner\">\n\t\t\t\t<div class=\"elementor-element elementor-element-24bcff6 jltma-glass-effect-no elementor-widget elementor-widget-spacer\" data-id=\"24bcff6\" data-element_type=\"widget\" data-widget_type=\"spacer.default\">\n\t\t\t\t<div class=\"elementor-widget-container\">\n\t\t\t\t\t<div class=\"elementor-spacer\">\n\t\t\t<div class=\"elementor-spacer-inner\"><\/div>\n\t\t<\/div>\n\t\t\t\t<\/div>\n\t\t\t\t<\/div>\n\t\t\t\t\t<\/div>\n\t\t\t\t<\/div>\n\t\t\t\t<\/div>\n\t\t","protected":false},"excerpt":{"rendered":"<p>Minha Conta Vitrine Configura\u00e7\u00f5es da conta Foto Perfil Sair Dashboard Orders Downloads Addresses Account Details Logout Dashboard Orders Downloads Addresses Account Details Logout Dashboard Orders Downloads Addresses Account Details Logout Dashboard Orders Downloads Addresses Account Details Logout Ol\u00e1, Richradson (n\u00e3o \u00e9 Richradson? Sair) A partir do painel de controle de sua conta, voc\u00ea pode ver [&hellip;]<\/p>\n","protected":false},"author":1,"featured_media":0,"parent":0,"menu_order":0,"comment_status":"closed","ping_status":"closed","template":"elementor_header_footer","meta":{"_acf_changed":false,"_joinchat":[],"footnotes":""},"class_list":["post-535","page","type-page","status-publish","hentry"],"acf":[],"yoast_head":"<!-- This site is optimized with the Yoast SEO plugin v27.2 - https:\/\/yoast.com\/product\/yoast-seo-wordpress\/ -->\n<title>Minha conta - Sublibox\/login<\/title>\n<meta name=\"description\" content=\"Minha Conta Vitrine Configura\u00e7\u00f5es da conta Foto Perfil Sair Dashboard Orders Downloads Addresses Account Details Logout Dashboard Orders Downloads\" \/>\n<meta name=\"robots\" content=\"index, follow, max-snippet:-1, max-image-preview:large, max-video-preview:-1\" \/>\n<link rel=\"canonical\" href=\"https:\/\/sublibox.com.br\/login\/minha-conta\/\" \/>\n<meta property=\"og:locale\" content=\"pt_BR\" \/>\n<meta property=\"og:type\" content=\"article\" \/>\n<meta property=\"og:title\" content=\"Minha conta - Sublibox\/login\" \/>\n<meta property=\"og:description\" content=\"Minha Conta Vitrine Configura\u00e7\u00f5es da conta Foto Perfil Sair Dashboard Orders Downloads Addresses Account Details Logout Dashboard Orders Downloads\" \/>\n<meta property=\"og:url\" content=\"https:\/\/sublibox.com.br\/login\/minha-conta\/\" \/>\n<meta property=\"og:site_name\" content=\"Sublibox\/login\" \/>\n<meta property=\"article:modified_time\" content=\"2025-09-18T18:12:03+00:00\" \/>\n<meta name=\"twitter:card\" content=\"summary_large_image\" \/>\n<script type=\"application\/ld+json\" class=\"yoast-schema-graph\">{\"@context\":\"https:\/\/schema.org\",\"@graph\":[{\"@type\":\"WebPage\",\"@id\":\"https:\/\/sublibox.com.br\/login\/minha-conta\/\",\"url\":\"https:\/\/sublibox.com.br\/login\/minha-conta\/\",\"name\":\"Minha conta - Sublibox\/login\",\"isPartOf\":{\"@id\":\"https:\/\/sublibox.com.br\/login\/#website\"},\"datePublished\":\"2023-06-20T20:05:43+00:00\",\"dateModified\":\"2025-09-18T18:12:03+00:00\",\"description\":\"Minha Conta Vitrine Configura\u00e7\u00f5es da conta Foto Perfil Sair Dashboard Orders Downloads Addresses Account Details Logout Dashboard Orders Downloads\",\"inLanguage\":\"pt-BR\",\"potentialAction\":[{\"@type\":\"ReadAction\",\"target\":[\"https:\/\/sublibox.com.br\/login\/minha-conta\/\"]}]},{\"@type\":\"WebSite\",\"@id\":\"https:\/\/sublibox.com.br\/login\/#website\",\"url\":\"https:\/\/sublibox.com.br\/login\/\",\"name\":\"Sublibox\/login\",\"description\":\"QUER SABER COMO TER MILHARES DE ARTES PARA SUBLIMA\u00c7\u00c3O DE CAMISETAS A SUA DISPOSI\u00c7\u00c3O? Crie de forma profissional artes incr\u00edveis em alguns minutos que se vendem, mesmo voc\u00ea sendo iniciante.\",\"potentialAction\":[{\"@type\":\"SearchAction\",\"target\":{\"@type\":\"EntryPoint\",\"urlTemplate\":\"https:\/\/sublibox.com.br\/login\/?s={search_term_string}\"},\"query-input\":{\"@type\":\"PropertyValueSpecification\",\"valueRequired\":true,\"valueName\":\"search_term_string\"}}],\"inLanguage\":\"pt-BR\"}]}<\/script>\n<!-- \/ Yoast SEO plugin. -->","yoast_head_json":{"title":"Minha conta - Sublibox\/login","description":"Minha Conta Vitrine Configura\u00e7\u00f5es da conta Foto Perfil Sair Dashboard Orders Downloads Addresses Account Details Logout Dashboard Orders Downloads","robots":{"index":"index","follow":"follow","max-snippet":"max-snippet:-1","max-image-preview":"max-image-preview:large","max-video-preview":"max-video-preview:-1"},"canonical":"https:\/\/sublibox.com.br\/login\/minha-conta\/","og_locale":"pt_BR","og_type":"article","og_title":"Minha conta - Sublibox\/login","og_description":"Minha Conta Vitrine Configura\u00e7\u00f5es da conta Foto Perfil Sair Dashboard Orders Downloads Addresses Account Details Logout Dashboard Orders Downloads","og_url":"https:\/\/sublibox.com.br\/login\/minha-conta\/","og_site_name":"Sublibox\/login","article_modified_time":"2025-09-18T18:12:03+00:00","twitter_card":"summary_large_image","schema":{"@context":"https:\/\/schema.org","@graph":[{"@type":"WebPage","@id":"https:\/\/sublibox.com.br\/login\/minha-conta\/","url":"https:\/\/sublibox.com.br\/login\/minha-conta\/","name":"Minha conta - Sublibox\/login","isPartOf":{"@id":"https:\/\/sublibox.com.br\/login\/#website"},"datePublished":"2023-06-20T20:05:43+00:00","dateModified":"2025-09-18T18:12:03+00:00","description":"Minha Conta Vitrine Configura\u00e7\u00f5es da conta Foto Perfil Sair Dashboard Orders Downloads Addresses Account Details Logout Dashboard Orders Downloads","inLanguage":"pt-BR","potentialAction":[{"@type":"ReadAction","target":["https:\/\/sublibox.com.br\/login\/minha-conta\/"]}]},{"@type":"WebSite","@id":"https:\/\/sublibox.com.br\/login\/#website","url":"https:\/\/sublibox.com.br\/login\/","name":"Sublibox\/login","description":"QUER SABER COMO TER MILHARES DE ARTES PARA SUBLIMA\u00c7\u00c3O DE CAMISETAS A SUA DISPOSI\u00c7\u00c3O? Crie de forma profissional artes incr\u00edveis em alguns minutos que se vendem, mesmo voc\u00ea sendo iniciante.","potentialAction":[{"@type":"SearchAction","target":{"@type":"EntryPoint","urlTemplate":"https:\/\/sublibox.com.br\/login\/?s={search_term_string}"},"query-input":{"@type":"PropertyValueSpecification","valueRequired":true,"valueName":"search_term_string"}}],"inLanguage":"pt-BR"}]}},"post_mailing_queue_ids":[],"_links":{"self":[{"href":"https:\/\/sublibox.com.br\/login\/wp-json\/wp\/v2\/pages\/535","targetHints":{"allow":["GET"]}}],"collection":[{"href":"https:\/\/sublibox.com.br\/login\/wp-json\/wp\/v2\/pages"}],"about":[{"href":"https:\/\/sublibox.com.br\/login\/wp-json\/wp\/v2\/types\/page"}],"author":[{"embeddable":true,"href":"https:\/\/sublibox.com.br\/login\/wp-json\/wp\/v2\/users\/1"}],"replies":[{"embeddable":true,"href":"https:\/\/sublibox.com.br\/login\/wp-json\/wp\/v2\/comments?post=535"}],"version-history":[{"count":0,"href":"https:\/\/sublibox.com.br\/login\/wp-json\/wp\/v2\/pages\/535\/revisions"}],"wp:attachment":[{"href":"https:\/\/sublibox.com.br\/login\/wp-json\/wp\/v2\/media?parent=535"}],"curies":[{"name":"wp","href":"https:\/\/api.w.org\/{rel}","templated":true}]}}