{"id":5486,"date":"2024-04-29T04:37:15","date_gmt":"2024-04-29T07:37:15","guid":{"rendered":"https:\/\/sublibox.com.br\/login\/?page_id=5486"},"modified":"2024-08-20T11:03:38","modified_gmt":"2024-08-20T14:03:38","slug":"foto-perfil","status":"publish","type":"page","link":"https:\/\/sublibox.com.br\/login\/foto-perfil\/","title":{"rendered":"Foto Perfil"},"content":{"rendered":"\t\t<div data-elementor-type=\"wp-page\" data-elementor-id=\"5486\" class=\"elementor elementor-5486\" data-elementor-post-type=\"page\">\n\t\t\t\t<div class=\"elementor-element elementor-element-6ea44a19 e-flex e-con-boxed e-con e-parent\" data-id=\"6ea44a19\" data-element_type=\"container\" data-settings=\"{&quot;background_background&quot;:&quot;classic&quot;}\">\n\t\t\t\t\t<div class=\"e-con-inner\">\n\t\t<div class=\"elementor-element elementor-element-23c89f7e e-flex e-con-boxed e-con e-child\" data-id=\"23c89f7e\" data-element_type=\"container\">\n\t\t\t\t\t<div class=\"e-con-inner\">\n\t\t\t\t<div class=\"elementor-element elementor-element-4b339255 jltma-glass-effect-no elementor-widget elementor-widget-heading\" data-id=\"4b339255\" data-element_type=\"widget\" data-widget_type=\"heading.default\">\n\t\t\t\t<div class=\"elementor-widget-container\">\n\t\t\t<h2 class=\"elementor-heading-title elementor-size-default\">Minha Conta<\/h2>\t\t<\/div>\n\t\t\t\t<\/div>\n\t\t\t\t\t<\/div>\n\t\t\t\t<\/div>\n\t\t<div class=\"elementor-element elementor-element-5cf72017 e-flex e-con-boxed e-con e-child\" data-id=\"5cf72017\" data-element_type=\"container\">\n\t\t\t\t\t<div class=\"e-con-inner\">\n\t\t<div class=\"elementor-element elementor-element-20a5176 e-con-full e-flex e-con e-child\" data-id=\"20a5176\" data-element_type=\"container\">\n\t\t<a class=\"elementor-element elementor-element-653cea1e e-con-full e-flex e-con e-child\" data-id=\"653cea1e\" data-element_type=\"container\" data-settings=\"{&quot;background_background&quot;:&quot;classic&quot;}\" href=\"https:\/\/sublibox.com.br\/login\/vitrine\/\">\n\t\t\t\t<div class=\"elementor-element elementor-element-553f2816 elementor-view-default elementor-position-top elementor-mobile-position-top jltma-glass-effect-no elementor-widget elementor-widget-icon-box\" data-id=\"553f2816\" data-element_type=\"widget\" data-widget_type=\"icon-box.default\">\n\t\t\t\t<div class=\"elementor-widget-container\">\n\t\t\t\t\t<div class=\"elementor-icon-box-wrapper\">\n\n\t\t\t\t\t\t<div class=\"elementor-icon-box-icon\">\n\t\t\t\t<span  class=\"elementor-icon elementor-animation-\">\n\t\t\t\t<i aria-hidden=\"true\" class=\"fas fa-home\"><\/i>\t\t\t\t<\/span>\n\t\t\t<\/div>\n\t\t\t\n\t\t\t\t\t\t<div class=\"elementor-icon-box-content\">\n\n\t\t\t\t\t\t\t\t\t<h3 class=\"elementor-icon-box-title\">\n\t\t\t\t\t\t<span  >\n\t\t\t\t\t\t\tVitrine\t\t\t\t\t\t<\/span>\n\t\t\t\t\t<\/h3>\n\t\t\t\t\n\t\t\t\t\n\t\t\t<\/div>\n\t\t\t\n\t\t<\/div>\n\t\t\t\t<\/div>\n\t\t\t\t<\/div>\n\t\t\t\t<\/a>\n\t\t<a class=\"elementor-element elementor-element-cdee800 e-con-full e-flex e-con e-child\" data-id=\"cdee800\" data-element_type=\"container\" data-settings=\"{&quot;background_background&quot;:&quot;classic&quot;}\" href=\"https:\/\/sublibox.com.br\/login\/minha-conta\/edit-account\/#editarconta\">\n\t\t\t\t<div class=\"elementor-element elementor-element-79092dae elementor-view-default elementor-position-top elementor-mobile-position-top jltma-glass-effect-no elementor-widget elementor-widget-icon-box\" data-id=\"79092dae\" data-element_type=\"widget\" data-widget_type=\"icon-box.default\">\n\t\t\t\t<div class=\"elementor-widget-container\">\n\t\t\t\t\t<div class=\"elementor-icon-box-wrapper\">\n\n\t\t\t\t\t\t<div class=\"elementor-icon-box-icon\">\n\t\t\t\t<span  class=\"elementor-icon elementor-animation-\">\n\t\t\t\t<i aria-hidden=\"true\" class=\"fas fa-user-circle\"><\/i>\t\t\t\t<\/span>\n\t\t\t<\/div>\n\t\t\t\n\t\t\t\t\t\t<div class=\"elementor-icon-box-content\">\n\n\t\t\t\t\t\t\t\t\t<h3 class=\"elementor-icon-box-title\">\n\t\t\t\t\t\t<span  >\n\t\t\t\t\t\t\tConfigura\u00e7\u00f5es da conta\t\t\t\t\t\t<\/span>\n\t\t\t\t\t<\/h3>\n\t\t\t\t\n\t\t\t\t\n\t\t\t<\/div>\n\t\t\t\n\t\t<\/div>\n\t\t\t\t<\/div>\n\t\t\t\t<\/div>\n\t\t\t\t<\/a>\n\t\t<a class=\"elementor-element elementor-element-17c026f2 e-con-full e-flex e-con e-child\" data-id=\"17c026f2\" data-element_type=\"container\" data-settings=\"{&quot;background_background&quot;:&quot;classic&quot;}\" href=\"https:\/\/sublibox.com.br\/login\/minha-conta\/foto-perfil\/\">\n\t\t\t\t<div class=\"elementor-element elementor-element-559bf5e6 elementor-view-default elementor-position-top elementor-mobile-position-top jltma-glass-effect-no elementor-widget elementor-widget-icon-box\" data-id=\"559bf5e6\" data-element_type=\"widget\" data-widget_type=\"icon-box.default\">\n\t\t\t\t<div class=\"elementor-widget-container\">\n\t\t\t\t\t<div class=\"elementor-icon-box-wrapper\">\n\n\t\t\t\t\t\t<div class=\"elementor-icon-box-icon\">\n\t\t\t\t<span  class=\"elementor-icon elementor-animation-\">\n\t\t\t\t<i aria-hidden=\"true\" class=\"fas fa-upload\"><\/i>\t\t\t\t<\/span>\n\t\t\t<\/div>\n\t\t\t\n\t\t\t\t\t\t<div class=\"elementor-icon-box-content\">\n\n\t\t\t\t\t\t\t\t\t<h3 class=\"elementor-icon-box-title\">\n\t\t\t\t\t\t<span  >\n\t\t\t\t\t\t\tFoto Perfil\t\t\t\t\t\t<\/span>\n\t\t\t\t\t<\/h3>\n\t\t\t\t\n\t\t\t\t\n\t\t\t<\/div>\n\t\t\t\n\t\t<\/div>\n\t\t\t\t<\/div>\n\t\t\t\t<\/div>\n\t\t\t\t<\/a>\n\t\t<a class=\"elementor-element elementor-element-5d249f36 e-con-full e-flex e-con e-child\" data-id=\"5d249f36\" data-element_type=\"container\" data-settings=\"{&quot;background_background&quot;:&quot;classic&quot;}\" href=\"https:\/\/sublibox.com.br\/login\/minha-conta\/customer-logout\/\">\n\t\t\t\t<div class=\"elementor-element elementor-element-3e4ff0fe elementor-view-default elementor-position-top elementor-mobile-position-top jltma-glass-effect-no elementor-widget elementor-widget-icon-box\" data-id=\"3e4ff0fe\" data-element_type=\"widget\" data-widget_type=\"icon-box.default\">\n\t\t\t\t<div class=\"elementor-widget-container\">\n\t\t\t\t\t<div class=\"elementor-icon-box-wrapper\">\n\n\t\t\t\t\t\t<div class=\"elementor-icon-box-icon\">\n\t\t\t\t<span  class=\"elementor-icon elementor-animation-\">\n\t\t\t\t<i aria-hidden=\"true\" class=\"fas fa-power-off\"><\/i>\t\t\t\t<\/span>\n\t\t\t<\/div>\n\t\t\t\n\t\t\t\t\t\t<div class=\"elementor-icon-box-content\">\n\n\t\t\t\t\t\t\t\t\t<h3 class=\"elementor-icon-box-title\">\n\t\t\t\t\t\t<span  >\n\t\t\t\t\t\t\tSair\t\t\t\t\t\t<\/span>\n\t\t\t\t\t<\/h3>\n\t\t\t\t\n\t\t\t\t\n\t\t\t<\/div>\n\t\t\t\n\t\t<\/div>\n\t\t\t\t<\/div>\n\t\t\t\t<\/div>\n\t\t\t\t<\/a>\n\t\t\t\t<\/div>\n\t\t\t\t\t<\/div>\n\t\t\t\t<\/div>\n\t\t\t\t\t<\/div>\n\t\t\t\t<\/div>\n\t\t<div class=\"elementor-element elementor-element-424075e6 e-flex e-con-boxed e-con e-parent\" data-id=\"424075e6\" data-element_type=\"container\" data-settings=\"{&quot;background_background&quot;:&quot;classic&quot;}\">\n\t\t\t\t\t<div class=\"e-con-inner\">\n\t\t<div class=\"elementor-element elementor-element-314d224e e-con-full e-flex e-con e-child\" data-id=\"314d224e\" data-element_type=\"container\" data-settings=\"{&quot;background_background&quot;:&quot;classic&quot;}\">\n\t\t\t\t<div class=\"elementor-element elementor-element-3eb21ec jltma-glass-effect-no elementor-widget elementor-widget-heading\" data-id=\"3eb21ec\" data-element_type=\"widget\" data-widget_type=\"heading.default\">\n\t\t\t\t<div class=\"elementor-widget-container\">\n\t\t\t<h2 class=\"elementor-heading-title elementor-size-default\">Adicione uma foto de perfil<\/h2>\t\t<\/div>\n\t\t\t\t<\/div>\n\t\t\t\t<div class=\"elementor-element elementor-element-56b40ac elementor-widget__width-initial jltma-glass-effect-no elementor-widget elementor-widget-shortcode\" data-id=\"56b40ac\" data-element_type=\"widget\" data-widget_type=\"shortcode.default\">\n\t\t\t\t<div class=\"elementor-widget-container\">\n\t\t\t\t\t<div class=\"elementor-shortcode\"><\/div>\n\t\t\t\t<\/div>\n\t\t\t\t<\/div>\n\t\t\t\t<\/div>\n\t\t\t\t\t<\/div>\n\t\t\t\t<\/div>\n\t\t<div class=\"elementor-element elementor-element-65234b8 e-flex e-con-boxed e-con e-parent\" data-id=\"65234b8\" data-element_type=\"container\" data-settings=\"{&quot;background_background&quot;:&quot;classic&quot;}\">\n\t\t\t\t\t<div class=\"e-con-inner\">\n\t\t\t\t<div class=\"elementor-element elementor-element-57818b7 jltma-glass-effect-no elementor-widget elementor-widget-spacer\" data-id=\"57818b7\" data-element_type=\"widget\" data-widget_type=\"spacer.default\">\n\t\t\t\t<div class=\"elementor-widget-container\">\n\t\t\t\t\t<div class=\"elementor-spacer\">\n\t\t\t<div class=\"elementor-spacer-inner\"><\/div>\n\t\t<\/div>\n\t\t\t\t<\/div>\n\t\t\t\t<\/div>\n\t\t\t\t\t<\/div>\n\t\t\t\t<\/div>\n\t\t\t\t<\/div>\n\t\t","protected":false},"excerpt":{"rendered":"<p>Minha Conta Vitrine Configura\u00e7\u00f5es da conta Foto Perfil Sair Adicione uma foto de perfil<\/p>\n","protected":false},"author":9,"featured_media":0,"parent":0,"menu_order":0,"comment_status":"closed","ping_status":"closed","template":"elementor_header_footer","meta":{"_acf_changed":false,"_joinchat":[],"footnotes":""},"class_list":["post-5486","page","type-page","status-publish","hentry"],"acf":[],"yoast_head":"<!-- This site is optimized with the Yoast SEO plugin v27.2 - https:\/\/yoast.com\/product\/yoast-seo-wordpress\/ -->\n<title>Foto Perfil - Sublibox\/login<\/title>\n<meta name=\"description\" content=\"Minha Conta Vitrine Configura\u00e7\u00f5es da conta Foto Perfil Sair Adicione uma foto de\" \/>\n<meta name=\"robots\" content=\"noindex, nofollow\" \/>\n<meta property=\"og:locale\" content=\"pt_BR\" \/>\n<meta property=\"og:type\" content=\"article\" \/>\n<meta property=\"og:title\" content=\"Foto Perfil - Sublibox\/login\" \/>\n<meta property=\"og:description\" content=\"Minha Conta Vitrine Configura\u00e7\u00f5es da conta Foto Perfil Sair Adicione uma foto de\" \/>\n<meta property=\"og:url\" content=\"https:\/\/sublibox.com.br\/login\/foto-perfil\/\" \/>\n<meta property=\"og:site_name\" content=\"Sublibox\/login\" \/>\n<meta property=\"article:modified_time\" content=\"2024-08-20T14:03:38+00:00\" \/>\n<meta name=\"twitter:card\" content=\"summary_large_image\" \/>\n<script type=\"application\/ld+json\" class=\"yoast-schema-graph\">{\"@context\":\"https:\/\/schema.org\",\"@graph\":[{\"@type\":\"WebPage\",\"@id\":\"https:\/\/sublibox.com.br\/login\/foto-perfil\/\",\"url\":\"https:\/\/sublibox.com.br\/login\/foto-perfil\/\",\"name\":\"Foto Perfil - Sublibox\/login\",\"isPartOf\":{\"@id\":\"https:\/\/sublibox.com.br\/login\/#website\"},\"datePublished\":\"2024-04-29T07:37:15+00:00\",\"dateModified\":\"2024-08-20T14:03:38+00:00\",\"description\":\"Minha Conta Vitrine Configura\u00e7\u00f5es da conta Foto Perfil Sair Adicione uma foto de\",\"inLanguage\":\"pt-BR\",\"potentialAction\":[{\"@type\":\"ReadAction\",\"target\":[\"https:\/\/sublibox.com.br\/login\/foto-perfil\/\"]}]},{\"@type\":\"WebSite\",\"@id\":\"https:\/\/sublibox.com.br\/login\/#website\",\"url\":\"https:\/\/sublibox.com.br\/login\/\",\"name\":\"Sublibox\/login\",\"description\":\"QUER SABER COMO TER MILHARES DE ARTES PARA SUBLIMA\u00c7\u00c3O DE CAMISETAS A SUA DISPOSI\u00c7\u00c3O? Crie de forma profissional artes incr\u00edveis em alguns minutos que se vendem, mesmo voc\u00ea sendo iniciante.\",\"potentialAction\":[{\"@type\":\"SearchAction\",\"target\":{\"@type\":\"EntryPoint\",\"urlTemplate\":\"https:\/\/sublibox.com.br\/login\/?s={search_term_string}\"},\"query-input\":{\"@type\":\"PropertyValueSpecification\",\"valueRequired\":true,\"valueName\":\"search_term_string\"}}],\"inLanguage\":\"pt-BR\"}]}<\/script>\n<!-- \/ Yoast SEO plugin. -->","yoast_head_json":{"title":"Foto Perfil - Sublibox\/login","description":"Minha Conta Vitrine Configura\u00e7\u00f5es da conta Foto Perfil Sair Adicione uma foto de","robots":{"index":"noindex","follow":"nofollow"},"og_locale":"pt_BR","og_type":"article","og_title":"Foto Perfil - Sublibox\/login","og_description":"Minha Conta Vitrine Configura\u00e7\u00f5es da conta Foto Perfil Sair Adicione uma foto de","og_url":"https:\/\/sublibox.com.br\/login\/foto-perfil\/","og_site_name":"Sublibox\/login","article_modified_time":"2024-08-20T14:03:38+00:00","twitter_card":"summary_large_image","schema":{"@context":"https:\/\/schema.org","@graph":[{"@type":"WebPage","@id":"https:\/\/sublibox.com.br\/login\/foto-perfil\/","url":"https:\/\/sublibox.com.br\/login\/foto-perfil\/","name":"Foto Perfil - Sublibox\/login","isPartOf":{"@id":"https:\/\/sublibox.com.br\/login\/#website"},"datePublished":"2024-04-29T07:37:15+00:00","dateModified":"2024-08-20T14:03:38+00:00","description":"Minha Conta Vitrine Configura\u00e7\u00f5es da conta Foto Perfil Sair Adicione uma foto de","inLanguage":"pt-BR","potentialAction":[{"@type":"ReadAction","target":["https:\/\/sublibox.com.br\/login\/foto-perfil\/"]}]},{"@type":"WebSite","@id":"https:\/\/sublibox.com.br\/login\/#website","url":"https:\/\/sublibox.com.br\/login\/","name":"Sublibox\/login","description":"QUER SABER COMO TER MILHARES DE ARTES PARA SUBLIMA\u00c7\u00c3O DE CAMISETAS A SUA DISPOSI\u00c7\u00c3O? Crie de forma profissional artes incr\u00edveis em alguns minutos que se vendem, mesmo voc\u00ea sendo iniciante.","potentialAction":[{"@type":"SearchAction","target":{"@type":"EntryPoint","urlTemplate":"https:\/\/sublibox.com.br\/login\/?s={search_term_string}"},"query-input":{"@type":"PropertyValueSpecification","valueRequired":true,"valueName":"search_term_string"}}],"inLanguage":"pt-BR"}]}},"post_mailing_queue_ids":[],"_links":{"self":[{"href":"https:\/\/sublibox.com.br\/login\/wp-json\/wp\/v2\/pages\/5486","targetHints":{"allow":["GET"]}}],"collection":[{"href":"https:\/\/sublibox.com.br\/login\/wp-json\/wp\/v2\/pages"}],"about":[{"href":"https:\/\/sublibox.com.br\/login\/wp-json\/wp\/v2\/types\/page"}],"author":[{"embeddable":true,"href":"https:\/\/sublibox.com.br\/login\/wp-json\/wp\/v2\/users\/9"}],"replies":[{"embeddable":true,"href":"https:\/\/sublibox.com.br\/login\/wp-json\/wp\/v2\/comments?post=5486"}],"version-history":[{"count":0,"href":"https:\/\/sublibox.com.br\/login\/wp-json\/wp\/v2\/pages\/5486\/revisions"}],"wp:attachment":[{"href":"https:\/\/sublibox.com.br\/login\/wp-json\/wp\/v2\/media?parent=5486"}],"curies":[{"name":"wp","href":"https:\/\/api.w.org\/{rel}","templated":true}]}}