{"id":6251,"date":"2024-08-06T01:25:28","date_gmt":"2024-08-06T04:25:28","guid":{"rendered":"https:\/\/sublibox.com.br\/login\/?page_id=6251"},"modified":"2024-08-06T01:25:30","modified_gmt":"2024-08-06T04:25:30","slug":"garanta-seu-acesso","status":"publish","type":"page","link":"https:\/\/sublibox.com.br\/login\/garanta-seu-acesso\/","title":{"rendered":"Garanta seu Acesso"},"content":{"rendered":"","protected":false},"excerpt":{"rendered":"","protected":false},"author":9,"featured_media":0,"parent":0,"menu_order":0,"comment_status":"closed","ping_status":"closed","template":"","meta":{"_acf_changed":false,"_joinchat":[],"footnotes":""},"class_list":["post-6251","page","type-page","status-publish","hentry"],"acf":[],"yoast_head":"<!-- This site is optimized with the Yoast SEO plugin v27.2 - https:\/\/yoast.com\/product\/yoast-seo-wordpress\/ -->\n<title>Garanta seu Acesso - Sublibox\/login<\/title>\n<meta name=\"robots\" content=\"index, follow, max-snippet:-1, max-image-preview:large, max-video-preview:-1\" \/>\n<link rel=\"canonical\" href=\"https:\/\/sublibox.com.br\/login\/garanta-seu-acesso\/\" \/>\n<meta property=\"og:locale\" content=\"pt_BR\" \/>\n<meta property=\"og:type\" content=\"article\" \/>\n<meta property=\"og:title\" content=\"Garanta seu Acesso - Sublibox\/login\" \/>\n<meta property=\"og:url\" content=\"https:\/\/sublibox.com.br\/login\/garanta-seu-acesso\/\" \/>\n<meta property=\"og:site_name\" content=\"Sublibox\/login\" \/>\n<meta property=\"article:modified_time\" content=\"2024-08-06T04:25:30+00:00\" \/>\n<meta name=\"twitter:card\" content=\"summary_large_image\" \/>\n<script type=\"application\/ld+json\" class=\"yoast-schema-graph\">{\"@context\":\"https:\/\/schema.org\",\"@graph\":[{\"@type\":\"WebPage\",\"@id\":\"https:\/\/sublibox.com.br\/login\/garanta-seu-acesso\/\",\"url\":\"https:\/\/sublibox.com.br\/login\/garanta-seu-acesso\/\",\"name\":\"Garanta seu Acesso - Sublibox\/login\",\"isPartOf\":{\"@id\":\"https:\/\/sublibox.com.br\/login\/#website\"},\"datePublished\":\"2024-08-06T04:25:28+00:00\",\"dateModified\":\"2024-08-06T04:25:30+00:00\",\"inLanguage\":\"pt-BR\",\"potentialAction\":[{\"@type\":\"ReadAction\",\"target\":[\"https:\/\/sublibox.com.br\/login\/garanta-seu-acesso\/\"]}]},{\"@type\":\"WebSite\",\"@id\":\"https:\/\/sublibox.com.br\/login\/#website\",\"url\":\"https:\/\/sublibox.com.br\/login\/\",\"name\":\"Sublibox\/login\",\"description\":\"QUER SABER COMO TER MILHARES DE ARTES PARA SUBLIMA\u00c7\u00c3O DE CAMISETAS A SUA DISPOSI\u00c7\u00c3O? Crie de forma profissional artes incr\u00edveis em alguns minutos que se vendem, mesmo voc\u00ea sendo iniciante.\",\"potentialAction\":[{\"@type\":\"SearchAction\",\"target\":{\"@type\":\"EntryPoint\",\"urlTemplate\":\"https:\/\/sublibox.com.br\/login\/?s={search_term_string}\"},\"query-input\":{\"@type\":\"PropertyValueSpecification\",\"valueRequired\":true,\"valueName\":\"search_term_string\"}}],\"inLanguage\":\"pt-BR\"}]}<\/script>\n<!-- \/ Yoast SEO plugin. -->","yoast_head_json":{"title":"Garanta seu Acesso - Sublibox\/login","robots":{"index":"index","follow":"follow","max-snippet":"max-snippet:-1","max-image-preview":"max-image-preview:large","max-video-preview":"max-video-preview:-1"},"canonical":"https:\/\/sublibox.com.br\/login\/garanta-seu-acesso\/","og_locale":"pt_BR","og_type":"article","og_title":"Garanta seu Acesso - Sublibox\/login","og_url":"https:\/\/sublibox.com.br\/login\/garanta-seu-acesso\/","og_site_name":"Sublibox\/login","article_modified_time":"2024-08-06T04:25:30+00:00","twitter_card":"summary_large_image","schema":{"@context":"https:\/\/schema.org","@graph":[{"@type":"WebPage","@id":"https:\/\/sublibox.com.br\/login\/garanta-seu-acesso\/","url":"https:\/\/sublibox.com.br\/login\/garanta-seu-acesso\/","name":"Garanta seu Acesso - Sublibox\/login","isPartOf":{"@id":"https:\/\/sublibox.com.br\/login\/#website"},"datePublished":"2024-08-06T04:25:28+00:00","dateModified":"2024-08-06T04:25:30+00:00","inLanguage":"pt-BR","potentialAction":[{"@type":"ReadAction","target":["https:\/\/sublibox.com.br\/login\/garanta-seu-acesso\/"]}]},{"@type":"WebSite","@id":"https:\/\/sublibox.com.br\/login\/#website","url":"https:\/\/sublibox.com.br\/login\/","name":"Sublibox\/login","description":"QUER SABER COMO TER MILHARES DE ARTES PARA SUBLIMA\u00c7\u00c3O DE CAMISETAS A SUA DISPOSI\u00c7\u00c3O? Crie de forma profissional artes incr\u00edveis em alguns minutos que se vendem, mesmo voc\u00ea sendo iniciante.","potentialAction":[{"@type":"SearchAction","target":{"@type":"EntryPoint","urlTemplate":"https:\/\/sublibox.com.br\/login\/?s={search_term_string}"},"query-input":{"@type":"PropertyValueSpecification","valueRequired":true,"valueName":"search_term_string"}}],"inLanguage":"pt-BR"}]}},"post_mailing_queue_ids":[],"_links":{"self":[{"href":"https:\/\/sublibox.com.br\/login\/wp-json\/wp\/v2\/pages\/6251","targetHints":{"allow":["GET"]}}],"collection":[{"href":"https:\/\/sublibox.com.br\/login\/wp-json\/wp\/v2\/pages"}],"about":[{"href":"https:\/\/sublibox.com.br\/login\/wp-json\/wp\/v2\/types\/page"}],"author":[{"embeddable":true,"href":"https:\/\/sublibox.com.br\/login\/wp-json\/wp\/v2\/users\/9"}],"replies":[{"embeddable":true,"href":"https:\/\/sublibox.com.br\/login\/wp-json\/wp\/v2\/comments?post=6251"}],"version-history":[{"count":0,"href":"https:\/\/sublibox.com.br\/login\/wp-json\/wp\/v2\/pages\/6251\/revisions"}],"wp:attachment":[{"href":"https:\/\/sublibox.com.br\/login\/wp-json\/wp\/v2\/media?parent=6251"}],"curies":[{"name":"wp","href":"https:\/\/api.w.org\/{rel}","templated":true}]}}